{"id":185,"date":"2019-03-27T11:51:44","date_gmt":"2019-03-27T11:51:44","guid":{"rendered":"https:\/\/helgem.hu\/impresszum\/"},"modified":"2019-05-28T14:50:28","modified_gmt":"2019-05-28T14:50:28","slug":"impressum","status":"publish","type":"page","link":"https:\/\/helgem.hu\/en\/impressum\/","title":{"rendered":"Impressum"},"content":{"rendered":"\r\n<p><strong>Website owner:<\/strong><\/p>\r\n\r\n\r\n\r\n<p>Company name: Helgem Ltd. Seat:2475 K\u00e1poln\u00e1sny\u00e9k, D\u00f3zsa u. 3.<br \/>Company registration number: 07-09-027353<br \/>Tax number: 25761953-2-07<br \/>Bank account number: 104006215052675057511001<br \/>Court of registration: Sz\u00e9kesfeh\u00e9rv\u00e1ri T\u00f6rv\u00e9nysz\u00e9k C\u00e9gb\u00edr\u00f3s\u00e1ga<br \/>Official license number: FE25761953<br \/>Phone: +36702347344<br \/>Email: <a href=\"mailto:helgemkft@gmail.com\">helgemkft@gmail.com<\/a><\/p>\r\n\r\n\r\n\r\n<p><strong>Web hosting provider:<\/strong><\/p>\r\n\r\n\r\n\r\n<p>Company name: Webonic Ltd.<br \/>Seat: 8000 Sz\u00e9kesfeh\u00e9rv\u00e1r, Budai \u00fat 9-11.<br \/>Phone:+36 22 78 76 74<br \/>Email: <a href=\"mailto:support@webonic.hu\">support@webonic.hu<\/a><\/p>\r\n","protected":false},"excerpt":{"rendered":"<p>Website owner: Company name: Helgem Ltd. Seat:2475 K\u00e1poln\u00e1sny\u00e9k, D\u00f3zsa u. 3.Company registration number: 07-09-027353Tax number: 25761953-2-07Bank account number: 104006215052675057511001Court of registration: Sz\u00e9kesfeh\u00e9rv\u00e1ri T\u00f6rv\u00e9nysz\u00e9k C\u00e9gb\u00edr\u00f3s\u00e1gaOfficial license number: FE25761953Phone: +36702347344Email: helgemkft@gmail.com Web hosting provider: Company name: Webonic Ltd.Seat: 8000 Sz\u00e9kesfeh\u00e9rv\u00e1r, Budai \u00fat 9-11.Phone:+36 22 78 76 74Email: support@webonic.hu<\/p>\n","protected":false},"author":1,"featured_media":0,"parent":0,"menu_order":0,"comment_status":"closed","ping_status":"closed","template":"","meta":{"footnotes":""},"class_list":["post-185","page","type-page","status-publish","hentry"],"aioseo_notices":[],"_links":{"self":[{"href":"https:\/\/helgem.hu\/en\/wp-json\/wp\/v2\/pages\/185","targetHints":{"allow":["GET"]}}],"collection":[{"href":"https:\/\/helgem.hu\/en\/wp-json\/wp\/v2\/pages"}],"about":[{"href":"https:\/\/helgem.hu\/en\/wp-json\/wp\/v2\/types\/page"}],"author":[{"embeddable":true,"href":"https:\/\/helgem.hu\/en\/wp-json\/wp\/v2\/users\/1"}],"replies":[{"embeddable":true,"href":"https:\/\/helgem.hu\/en\/wp-json\/wp\/v2\/comments?post=185"}],"version-history":[{"count":4,"href":"https:\/\/helgem.hu\/en\/wp-json\/wp\/v2\/pages\/185\/revisions"}],"predecessor-version":[{"id":190,"href":"https:\/\/helgem.hu\/en\/wp-json\/wp\/v2\/pages\/185\/revisions\/190"}],"wp:attachment":[{"href":"https:\/\/helgem.hu\/en\/wp-json\/wp\/v2\/media?parent=185"}],"curies":[{"name":"wp","href":"https:\/\/api.w.org\/{rel}","templated":true}]}}